{"id":1677,"date":"2022-05-16T19:11:37","date_gmt":"2022-05-16T17:11:37","guid":{"rendered":"https:\/\/akapiach.waw.pl\/?page_id=1677"},"modified":"2022-06-02T18:05:17","modified_gmt":"2022-06-02T16:05:17","slug":"transport","status":"publish","type":"page","link":"https:\/\/akapiach.waw.pl\/?page_id=1677","title":{"rendered":"Transport"},"content":{"rendered":"\t\t<div data-elementor-type=\"wp-page\" data-elementor-id=\"1677\" class=\"elementor elementor-1677\">\n\t\t\t\t\t\t\t\t\t<section class=\"elementor-section elementor-top-section elementor-element elementor-element-0446917 elementor-section-boxed elementor-section-height-default elementor-section-height-default\" data-id=\"0446917\" data-element_type=\"section\" data-settings=\"{&quot;shape_divider_top&quot;:&quot;mountains&quot;}\">\n\t\t\t\t\t<div class=\"elementor-shape elementor-shape-top\" data-negative=\"false\">\n\t\t\t<svg xmlns=\"http:\/\/www.w3.org\/2000\/svg\" viewBox=\"0 0 1000 100\" preserveAspectRatio=\"none\">\n\t<path class=\"elementor-shape-fill\" opacity=\"0.33\" d=\"M473,67.3c-203.9,88.3-263.1-34-320.3,0C66,119.1,0,59.7,0,59.7V0h1000v59.7 c0,0-62.1,26.1-94.9,29.3c-32.8,3.3-62.8-12.3-75.8-22.1C806,49.6,745.3,8.7,694.9,4.7S492.4,59,473,67.3z\"\/>\n\t<path class=\"elementor-shape-fill\" opacity=\"0.66\" d=\"M734,67.3c-45.5,0-77.2-23.2-129.1-39.1c-28.6-8.7-150.3-10.1-254,39.1 s-91.7-34.4-149.2,0C115.7,118.3,0,39.8,0,39.8V0h1000v36.5c0,0-28.2-18.5-92.1-18.5C810.2,18.1,775.7,67.3,734,67.3z\"\/>\n\t<path class=\"elementor-shape-fill\" d=\"M766.1,28.9c-200-57.5-266,65.5-395.1,19.5C242,1.8,242,5.4,184.8,20.6C128,35.8,132.3,44.9,89.9,52.5C28.6,63.7,0,0,0,0 h1000c0,0-9.9,40.9-83.6,48.1S829.6,47,766.1,28.9z\"\/>\n<\/svg>\t\t<\/div>\n\t\t\t\t\t<div class=\"elementor-container elementor-column-gap-default\">\n\t\t\t\t\t<div class=\"elementor-column elementor-col-100 elementor-top-column elementor-element elementor-element-ba638ce\" data-id=\"ba638ce\" data-element_type=\"column\">\n\t\t\t<div class=\"elementor-widget-wrap elementor-element-populated\">\n\t\t\t\t\t\t\t\t\t<\/div>\n\t\t<\/div>\n\t\t\t\t\t\t\t<\/div>\n\t\t<\/section>\n\t\t\t\t<section class=\"elementor-section elementor-top-section elementor-element elementor-element-ec856cc elementor-section-boxed elementor-section-height-default elementor-section-height-default\" data-id=\"ec856cc\" data-element_type=\"section\">\n\t\t\t\t\t\t<div class=\"elementor-container elementor-column-gap-default\">\n\t\t\t\t\t<div class=\"elementor-column elementor-col-100 elementor-top-column elementor-element elementor-element-3fc47ba\" data-id=\"3fc47ba\" data-element_type=\"column\">\n\t\t\t<div class=\"elementor-widget-wrap elementor-element-populated\">\n\t\t\t\t\t\t\t\t<div class=\"elementor-element elementor-element-54d8f0e elementor-widget__width-inherit elementor-widget elementor-widget-heading\" data-id=\"54d8f0e\" data-element_type=\"widget\" data-widget_type=\"heading.default\">\n\t\t\t\t<div class=\"elementor-widget-container\">\n\t\t\t<style>\/*! elementor - v3.6.5 - 27-04-2022 *\/\n.elementor-heading-title{padding:0;margin:0;line-height:1}.elementor-widget-heading .elementor-heading-title[class*=elementor-size-]>a{color:inherit;font-size:inherit;line-height:inherit}.elementor-widget-heading .elementor-heading-title.elementor-size-small{font-size:15px}.elementor-widget-heading .elementor-heading-title.elementor-size-medium{font-size:19px}.elementor-widget-heading .elementor-heading-title.elementor-size-large{font-size:29px}.elementor-widget-heading .elementor-heading-title.elementor-size-xl{font-size:39px}.elementor-widget-heading .elementor-heading-title.elementor-size-xxl{font-size:59px}<\/style><h2 class=\"elementor-heading-title elementor-size-xxl\">TRANSPORT<\/h2>\t\t<\/div>\n\t\t\t\t<\/div>\n\t\t\t\t\t<\/div>\n\t\t<\/div>\n\t\t\t\t\t\t\t<\/div>\n\t\t<\/section>\n\t\t\t\t<section class=\"elementor-section elementor-top-section elementor-element elementor-element-cf46584 elementor-section-boxed elementor-section-height-default elementor-section-height-default\" data-id=\"cf46584\" data-element_type=\"section\">\n\t\t\t\t\t\t<div class=\"elementor-container elementor-column-gap-default\">\n\t\t\t\t\t<div class=\"elementor-column elementor-col-100 elementor-top-column elementor-element elementor-element-3e4fa2f\" data-id=\"3e4fa2f\" data-element_type=\"column\">\n\t\t\t<div class=\"elementor-widget-wrap elementor-element-populated\">\n\t\t\t\t\t\t\t\t<div class=\"elementor-element elementor-element-a8a1cf7 elementor-widget elementor-widget-text-editor\" data-id=\"a8a1cf7\" data-element_type=\"widget\" data-widget_type=\"text-editor.default\">\n\t\t\t\t<div class=\"elementor-widget-container\">\n\t\t\t<style>\/*! elementor - v3.6.5 - 27-04-2022 *\/\n.elementor-widget-text-editor.elementor-drop-cap-view-stacked .elementor-drop-cap{background-color:#818a91;color:#fff}.elementor-widget-text-editor.elementor-drop-cap-view-framed .elementor-drop-cap{color:#818a91;border:3px solid;background-color:transparent}.elementor-widget-text-editor:not(.elementor-drop-cap-view-default) .elementor-drop-cap{margin-top:8px}.elementor-widget-text-editor:not(.elementor-drop-cap-view-default) .elementor-drop-cap-letter{width:1em;height:1em}.elementor-widget-text-editor .elementor-drop-cap{float:left;text-align:center;line-height:1;font-size:50px}.elementor-widget-text-editor .elementor-drop-cap-letter{display:inline-block}<\/style>\t\t\t\t<p><strong>Nasza Firma \u015bwiadczy us\u0142ug\u0119 transportow\u0105, polegaj\u0105c\u0105 na przewozie materia\u0142\u00f3w sypkich samochodami ci\u0119\u017carowymi, wywrotkami o tonarzu od 1 do 27 Ton.<\/strong><\/p>\t\t\t\t\t\t<\/div>\n\t\t\t\t<\/div>\n\t\t\t\t\t<\/div>\n\t\t<\/div>\n\t\t\t\t\t\t\t<\/div>\n\t\t<\/section>\n\t\t\t\t<section class=\"elementor-section elementor-top-section elementor-element elementor-element-8d61e61 elementor-section-boxed elementor-section-height-default elementor-section-height-default\" data-id=\"8d61e61\" data-element_type=\"section\">\n\t\t\t\t\t\t<div class=\"elementor-container elementor-column-gap-default\">\n\t\t\t\t\t<div class=\"elementor-column elementor-col-50 elementor-top-column elementor-element elementor-element-ed2d619\" data-id=\"ed2d619\" data-element_type=\"column\">\n\t\t\t<div class=\"elementor-widget-wrap elementor-element-populated\">\n\t\t\t\t\t\t\t\t<div class=\"elementor-element elementor-element-7f2e9d9 elementor-widget elementor-widget-image\" data-id=\"7f2e9d9\" data-element_type=\"widget\" data-widget_type=\"image.default\">\n\t\t\t\t<div class=\"elementor-widget-container\">\n\t\t\t<style>\/*! elementor - v3.6.5 - 27-04-2022 *\/\n.elementor-widget-image{text-align:center}.elementor-widget-image a{display:inline-block}.elementor-widget-image a img[src$=\".svg\"]{width:48px}.elementor-widget-image img{vertical-align:middle;display:inline-block}<\/style>\t\t\t\t\t\t\t\t\t\t\t\t<img loading=\"lazy\" decoding=\"async\" width=\"768\" height=\"576\" src=\"https:\/\/akapiach.waw.pl\/wp-content\/uploads\/2022\/05\/WhatsApp-Image-2022-05-30-at-18.03.42-768x576.jpeg\" class=\"attachment-medium_large size-medium_large\" alt=\"\" srcset=\"https:\/\/akapiach.waw.pl\/wp-content\/uploads\/2022\/05\/WhatsApp-Image-2022-05-30-at-18.03.42-768x576.jpeg 768w, https:\/\/akapiach.waw.pl\/wp-content\/uploads\/2022\/05\/WhatsApp-Image-2022-05-30-at-18.03.42-300x225.jpeg 300w, https:\/\/akapiach.waw.pl\/wp-content\/uploads\/2022\/05\/WhatsApp-Image-2022-05-30-at-18.03.42-1024x768.jpeg 1024w, https:\/\/akapiach.waw.pl\/wp-content\/uploads\/2022\/05\/WhatsApp-Image-2022-05-30-at-18.03.42-1536x1152.jpeg 1536w, https:\/\/akapiach.waw.pl\/wp-content\/uploads\/2022\/05\/WhatsApp-Image-2022-05-30-at-18.03.42.jpeg 1600w\" sizes=\"auto, (max-width: 768px) 100vw, 768px\" \/>\t\t\t\t\t\t\t\t\t\t\t\t\t\t\t<\/div>\n\t\t\t\t<\/div>\n\t\t\t\t<div class=\"elementor-element elementor-element-6840a5f elementor-widget elementor-widget-image\" data-id=\"6840a5f\" data-element_type=\"widget\" data-widget_type=\"image.default\">\n\t\t\t\t<div class=\"elementor-widget-container\">\n\t\t\t\t\t\t\t\t\t\t\t\t\t\t\t<img loading=\"lazy\" decoding=\"async\" width=\"1024\" height=\"768\" src=\"https:\/\/akapiach.waw.pl\/wp-content\/uploads\/2022\/05\/WhatsApp-Image-2022-05-30-at-18.03.39-1024x768.jpeg\" class=\"attachment-large size-large\" alt=\"\" srcset=\"https:\/\/akapiach.waw.pl\/wp-content\/uploads\/2022\/05\/WhatsApp-Image-2022-05-30-at-18.03.39-1024x768.jpeg 1024w, https:\/\/akapiach.waw.pl\/wp-content\/uploads\/2022\/05\/WhatsApp-Image-2022-05-30-at-18.03.39-300x225.jpeg 300w, https:\/\/akapiach.waw.pl\/wp-content\/uploads\/2022\/05\/WhatsApp-Image-2022-05-30-at-18.03.39-768x576.jpeg 768w, https:\/\/akapiach.waw.pl\/wp-content\/uploads\/2022\/05\/WhatsApp-Image-2022-05-30-at-18.03.39-1536x1152.jpeg 1536w, https:\/\/akapiach.waw.pl\/wp-content\/uploads\/2022\/05\/WhatsApp-Image-2022-05-30-at-18.03.39.jpeg 1600w\" sizes=\"auto, (max-width: 1024px) 100vw, 1024px\" \/>\t\t\t\t\t\t\t\t\t\t\t\t\t\t\t<\/div>\n\t\t\t\t<\/div>\n\t\t\t\t\t<\/div>\n\t\t<\/div>\n\t\t\t\t<div class=\"elementor-column elementor-col-50 elementor-top-column elementor-element elementor-element-169b9ee\" data-id=\"169b9ee\" data-element_type=\"column\">\n\t\t\t<div class=\"elementor-widget-wrap elementor-element-populated\">\n\t\t\t\t\t\t\t\t<div class=\"elementor-element elementor-element-e1467cf elementor-widget elementor-widget-image\" data-id=\"e1467cf\" data-element_type=\"widget\" data-widget_type=\"image.default\">\n\t\t\t\t<div class=\"elementor-widget-container\">\n\t\t\t\t\t\t\t\t\t\t\t\t\t\t\t<img loading=\"lazy\" decoding=\"async\" width=\"960\" height=\"720\" src=\"https:\/\/akapiach.waw.pl\/wp-content\/uploads\/2022\/05\/88214972_101306841478092_356582714788282368_n22.png\" class=\"attachment-full size-full\" alt=\"\" srcset=\"https:\/\/akapiach.waw.pl\/wp-content\/uploads\/2022\/05\/88214972_101306841478092_356582714788282368_n22.png 960w, https:\/\/akapiach.waw.pl\/wp-content\/uploads\/2022\/05\/88214972_101306841478092_356582714788282368_n22-300x225.png 300w, https:\/\/akapiach.waw.pl\/wp-content\/uploads\/2022\/05\/88214972_101306841478092_356582714788282368_n22-768x576.png 768w\" sizes=\"auto, (max-width: 960px) 100vw, 960px\" \/>\t\t\t\t\t\t\t\t\t\t\t\t\t\t\t<\/div>\n\t\t\t\t<\/div>\n\t\t\t\t<div class=\"elementor-element elementor-element-a866428 elementor-widget elementor-widget-image\" data-id=\"a866428\" data-element_type=\"widget\" data-widget_type=\"image.default\">\n\t\t\t\t<div class=\"elementor-widget-container\">\n\t\t\t\t\t\t\t\t\t\t\t\t\t\t\t<img loading=\"lazy\" decoding=\"async\" width=\"1024\" height=\"768\" src=\"https:\/\/akapiach.waw.pl\/wp-content\/uploads\/2022\/05\/WhatsApp-Image-2022-05-30-at-18.00.11-1024x768.jpeg\" class=\"attachment-large size-large\" alt=\"\" srcset=\"https:\/\/akapiach.waw.pl\/wp-content\/uploads\/2022\/05\/WhatsApp-Image-2022-05-30-at-18.00.11-1024x768.jpeg 1024w, https:\/\/akapiach.waw.pl\/wp-content\/uploads\/2022\/05\/WhatsApp-Image-2022-05-30-at-18.00.11-300x225.jpeg 300w, https:\/\/akapiach.waw.pl\/wp-content\/uploads\/2022\/05\/WhatsApp-Image-2022-05-30-at-18.00.11-768x576.jpeg 768w, https:\/\/akapiach.waw.pl\/wp-content\/uploads\/2022\/05\/WhatsApp-Image-2022-05-30-at-18.00.11-1536x1152.jpeg 1536w, https:\/\/akapiach.waw.pl\/wp-content\/uploads\/2022\/05\/WhatsApp-Image-2022-05-30-at-18.00.11.jpeg 1600w\" sizes=\"auto, (max-width: 1024px) 100vw, 1024px\" \/>\t\t\t\t\t\t\t\t\t\t\t\t\t\t\t<\/div>\n\t\t\t\t<\/div>\n\t\t\t\t\t<\/div>\n\t\t<\/div>\n\t\t\t\t\t\t\t<\/div>\n\t\t<\/section>\n\t\t\t\t<section class=\"elementor-section elementor-top-section elementor-element elementor-element-b1202b0 elementor-section-boxed elementor-section-height-default elementor-section-height-default\" data-id=\"b1202b0\" data-element_type=\"section\">\n\t\t\t\t\t\t<div class=\"elementor-container elementor-column-gap-default\">\n\t\t\t\t\t<div class=\"elementor-column elementor-col-100 elementor-top-column elementor-element elementor-element-c0335da\" data-id=\"c0335da\" data-element_type=\"column\">\n\t\t\t<div class=\"elementor-widget-wrap elementor-element-populated\">\n\t\t\t\t\t\t\t\t<div class=\"elementor-element elementor-element-a14b23a elementor-widget elementor-widget-image\" data-id=\"a14b23a\" data-element_type=\"widget\" data-widget_type=\"image.default\">\n\t\t\t\t<div class=\"elementor-widget-container\">\n\t\t\t\t\t\t\t\t\t\t\t\t\t\t\t<img loading=\"lazy\" decoding=\"async\" width=\"1600\" height=\"1200\" src=\"https:\/\/akapiach.waw.pl\/wp-content\/uploads\/2022\/05\/WhatsApp-Image-2022-05-31-at-09.43.31.jpeg\" class=\"attachment-2048x2048 size-2048x2048\" alt=\"\" srcset=\"https:\/\/akapiach.waw.pl\/wp-content\/uploads\/2022\/05\/WhatsApp-Image-2022-05-31-at-09.43.31.jpeg 1600w, https:\/\/akapiach.waw.pl\/wp-content\/uploads\/2022\/05\/WhatsApp-Image-2022-05-31-at-09.43.31-300x225.jpeg 300w, https:\/\/akapiach.waw.pl\/wp-content\/uploads\/2022\/05\/WhatsApp-Image-2022-05-31-at-09.43.31-1024x768.jpeg 1024w, https:\/\/akapiach.waw.pl\/wp-content\/uploads\/2022\/05\/WhatsApp-Image-2022-05-31-at-09.43.31-768x576.jpeg 768w, https:\/\/akapiach.waw.pl\/wp-content\/uploads\/2022\/05\/WhatsApp-Image-2022-05-31-at-09.43.31-1536x1152.jpeg 1536w\" sizes=\"auto, (max-width: 1600px) 100vw, 1600px\" \/>\t\t\t\t\t\t\t\t\t\t\t\t\t\t\t<\/div>\n\t\t\t\t<\/div>\n\t\t\t\t\t<\/div>\n\t\t<\/div>\n\t\t\t\t\t\t\t<\/div>\n\t\t<\/section>\n\t\t\t\t<section class=\"elementor-section elementor-top-section elementor-element elementor-element-f841c67 elementor-section-boxed elementor-section-height-default elementor-section-height-default\" data-id=\"f841c67\" data-element_type=\"section\">\n\t\t\t\t\t\t<div class=\"elementor-container elementor-column-gap-default\">\n\t\t\t\t\t<div class=\"elementor-column elementor-col-100 elementor-top-column elementor-element elementor-element-d985198\" data-id=\"d985198\" data-element_type=\"column\">\n\t\t\t<div class=\"elementor-widget-wrap elementor-element-populated\">\n\t\t\t\t\t\t\t\t<div class=\"elementor-element elementor-element-a0ac22d elementor-widget elementor-widget-heading\" data-id=\"a0ac22d\" data-element_type=\"widget\" data-widget_type=\"heading.default\">\n\t\t\t\t<div class=\"elementor-widget-container\">\n\t\t\t<h2 class=\"elementor-heading-title elementor-size-default\">Oferujemy przew\u00f3z maszyn budowlanych transportem niskopodwoziowym<\/h2>\t\t<\/div>\n\t\t\t\t<\/div>\n\t\t\t\t\t<\/div>\n\t\t<\/div>\n\t\t\t\t\t\t\t<\/div>\n\t\t<\/section>\n\t\t\t\t<section class=\"elementor-section elementor-top-section elementor-element elementor-element-de5b278 elementor-section-boxed elementor-section-height-default elementor-section-height-default\" data-id=\"de5b278\" data-element_type=\"section\">\n\t\t\t\t\t\t<div class=\"elementor-container elementor-column-gap-default\">\n\t\t\t\t\t<div class=\"elementor-column elementor-col-50 elementor-top-column elementor-element elementor-element-372f74a\" data-id=\"372f74a\" data-element_type=\"column\">\n\t\t\t<div class=\"elementor-widget-wrap elementor-element-populated\">\n\t\t\t\t\t\t\t\t<div class=\"elementor-element elementor-element-8f5e10b elementor-widget elementor-widget-image\" data-id=\"8f5e10b\" data-element_type=\"widget\" data-widget_type=\"image.default\">\n\t\t\t\t<div class=\"elementor-widget-container\">\n\t\t\t\t\t\t\t\t\t\t\t\t\t\t\t<img loading=\"lazy\" decoding=\"async\" width=\"1024\" height=\"768\" src=\"https:\/\/akapiach.waw.pl\/wp-content\/uploads\/2022\/05\/WhatsApp-Image-2022-05-30-at-18.03.40-1024x768.jpeg\" class=\"attachment-large size-large\" alt=\"\" srcset=\"https:\/\/akapiach.waw.pl\/wp-content\/uploads\/2022\/05\/WhatsApp-Image-2022-05-30-at-18.03.40-1024x768.jpeg 1024w, https:\/\/akapiach.waw.pl\/wp-content\/uploads\/2022\/05\/WhatsApp-Image-2022-05-30-at-18.03.40-300x225.jpeg 300w, https:\/\/akapiach.waw.pl\/wp-content\/uploads\/2022\/05\/WhatsApp-Image-2022-05-30-at-18.03.40-768x576.jpeg 768w, https:\/\/akapiach.waw.pl\/wp-content\/uploads\/2022\/05\/WhatsApp-Image-2022-05-30-at-18.03.40-1536x1152.jpeg 1536w, https:\/\/akapiach.waw.pl\/wp-content\/uploads\/2022\/05\/WhatsApp-Image-2022-05-30-at-18.03.40.jpeg 1600w\" sizes=\"auto, (max-width: 1024px) 100vw, 1024px\" \/>\t\t\t\t\t\t\t\t\t\t\t\t\t\t\t<\/div>\n\t\t\t\t<\/div>\n\t\t\t\t\t<\/div>\n\t\t<\/div>\n\t\t\t\t<div class=\"elementor-column elementor-col-50 elementor-top-column elementor-element elementor-element-968954f\" data-id=\"968954f\" data-element_type=\"column\">\n\t\t\t<div class=\"elementor-widget-wrap elementor-element-populated\">\n\t\t\t\t\t\t\t\t<div class=\"elementor-element elementor-element-24e1026 elementor-widget elementor-widget-image\" data-id=\"24e1026\" data-element_type=\"widget\" data-widget_type=\"image.default\">\n\t\t\t\t<div class=\"elementor-widget-container\">\n\t\t\t\t\t\t\t\t\t\t\t\t\t\t\t<img loading=\"lazy\" decoding=\"async\" width=\"507\" height=\"420\" src=\"https:\/\/akapiach.waw.pl\/wp-content\/uploads\/2022\/05\/Przechwytywanie1-min.png\" class=\"attachment-medium_large size-medium_large\" alt=\"\" srcset=\"https:\/\/akapiach.waw.pl\/wp-content\/uploads\/2022\/05\/Przechwytywanie1-min.png 507w, https:\/\/akapiach.waw.pl\/wp-content\/uploads\/2022\/05\/Przechwytywanie1-min-300x249.png 300w\" sizes=\"auto, (max-width: 507px) 100vw, 507px\" \/>\t\t\t\t\t\t\t\t\t\t\t\t\t\t\t<\/div>\n\t\t\t\t<\/div>\n\t\t\t\t\t<\/div>\n\t\t<\/div>\n\t\t\t\t\t\t\t<\/div>\n\t\t<\/section>\n\t\t\t\t\t\t\t<\/div>\n\t\t","protected":false},"excerpt":{"rendered":"<p>TRANSPORT Nasza Firma \u015bwiadczy us\u0142ug\u0119 transportow\u0105, polegaj\u0105c\u0105 na przewozie materia\u0142\u00f3w sypkich samochodami ci\u0119\u017carowymi, wywrotkami o tonarzu od 1 do 27 Ton. Oferujemy przew\u00f3z maszyn budowlanych transportem niskopodwoziowym<\/p>\n","protected":false},"author":1,"featured_media":0,"parent":0,"menu_order":0,"comment_status":"closed","ping_status":"closed","template":"","meta":{"site-sidebar-layout":"no-sidebar","site-content-layout":"page-builder","ast-main-header-display":"","ast-hfb-above-header-display":"","ast-hfb-below-header-display":"","ast-hfb-mobile-header-display":"","site-post-title":"disabled","ast-breadcrumbs-content":"","ast-featured-img":"disabled","footer-sml-layout":"","theme-transparent-header-meta":"","adv-header-id-meta":"","stick-header-meta":"","header-above-stick-meta":"","header-main-stick-meta":"","header-below-stick-meta":"","footnotes":""},"class_list":["post-1677","page","type-page","status-publish","hentry"],"_links":{"self":[{"href":"https:\/\/akapiach.waw.pl\/index.php?rest_route=\/wp\/v2\/pages\/1677","targetHints":{"allow":["GET"]}}],"collection":[{"href":"https:\/\/akapiach.waw.pl\/index.php?rest_route=\/wp\/v2\/pages"}],"about":[{"href":"https:\/\/akapiach.waw.pl\/index.php?rest_route=\/wp\/v2\/types\/page"}],"author":[{"embeddable":true,"href":"https:\/\/akapiach.waw.pl\/index.php?rest_route=\/wp\/v2\/users\/1"}],"replies":[{"embeddable":true,"href":"https:\/\/akapiach.waw.pl\/index.php?rest_route=%2Fwp%2Fv2%2Fcomments&post=1677"}],"version-history":[{"count":73,"href":"https:\/\/akapiach.waw.pl\/index.php?rest_route=\/wp\/v2\/pages\/1677\/revisions"}],"predecessor-version":[{"id":2363,"href":"https:\/\/akapiach.waw.pl\/index.php?rest_route=\/wp\/v2\/pages\/1677\/revisions\/2363"}],"wp:attachment":[{"href":"https:\/\/akapiach.waw.pl\/index.php?rest_route=%2Fwp%2Fv2%2Fmedia&parent=1677"}],"curies":[{"name":"wp","href":"https:\/\/api.w.org\/{rel}","templated":true}]}}